{"id":7,"date":"2016-04-22T14:36:32","date_gmt":"2016-04-22T14:36:32","guid":{"rendered":"http:\/\/geodezjajg.pl\/?page_id=7"},"modified":"2024-06-14T10:47:09","modified_gmt":"2024-06-14T10:47:09","slug":"oferta","status":"publish","type":"page","link":"https:\/\/geodezjajg.pl\/index.php\/oferta\/","title":{"rendered":"OFERTA"},"content":{"rendered":"<p style=\"line-height:100%\"><strong>1. Rozgraniczenie i podzia\u0142y nieruchomo\u015bci (grunt\u00f3w) oraz sporz\u0105dzanie dokumentacji do cel\u00f3w prawnych: <\/strong><\/p>\n<p style=\"line-height:100%\">\u2013 Podzia\u0142y nieruchomo\u015bci.<\/p>\n<p style=\"line-height:100%\"> \u2013 Wznowienia granic nieruchomo\u015bci. <\/p>\n<p style=\"line-height:100%\">\u2013 Mapy do cel\u00f3w prawnych <\/p>\n<p style=\"line-height:100%\"><strong>2. Mapy do cel\u00f3w projektowych ( w formie analogowej oraz cyfrowej) <\/strong><\/p>\n<p style=\"line-height:100%\"><strong>3. Pomiary inwentaryzacyjne: <\/strong><\/p>\n<p style=\"line-height:100%\">-Pomiary powykonawcze budynk\u00f3w i budowli <\/p>\n<p style=\"line-height:100%\">\u2013 Pomiary powykonawcze sieci uzbrojenia terenu<\/p>\n<p style=\"line-height:100%\"> \u2013 Inne wg potrzeb klienta <\/p>\n<p style=\"line-height:100%\"><strong>4. Geodezyjna obs\u0142uga budowy: <\/strong><\/p>\n<p style=\"line-height:100%\">\u2013 budynk\u00f3w i budowli <\/p>\n<p style=\"line-height:100%\">\u2013 sieci uzbrojenia terenu <\/p>\n<p style=\"line-height:100%\"><strong>5. Pomiar i obliczenie obj\u0119to\u015bci ha\u0142d, sk\u0142adowisk; bilanse rob\u00f3t ziemnych. <\/strong><\/p>\n<p style=\"line-height:100%\"><strong>6. Obmiary powierzchni i kubatury lokali i budynk\u00f3w <\/strong><\/p>\n<p style=\"line-height:100%\"><strong>7. Inwentaryzacje prac archeologicznych <\/strong><\/p>\n<p style=\"line-height:100%\"><strong>8. Pomiary satelitarne<\/strong><\/p>\n","protected":false},"excerpt":{"rendered":"<p>1. Rozgraniczenie i podzia\u0142y nieruchomo\u015bci (grunt\u00f3w) oraz sporz\u0105dzanie dokumentacji do cel\u00f3w prawnych: \u2013 Podzia\u0142y nieruchomo\u015bci. \u2013 Wznowienia granic nieruchomo\u015bci. \u2013 Mapy do cel\u00f3w prawnych 2. Mapy do cel\u00f3w projektowych ( w formie analogowej oraz cyfrowej) 3. Pomiary inwentaryzacyjne: -Pomiary powykonawcze budynk\u00f3w i budowli \u2013 Pomiary powykonawcze sieci uzbrojenia terenu \u2013 Inne wg potrzeb klienta 4&#8230;. <\/p>\n","protected":false},"author":1,"featured_media":0,"parent":0,"menu_order":0,"comment_status":"closed","ping_status":"closed","template":"no-sidebar.php","meta":{"_monsterinsights_skip_tracking":false,"_monsterinsights_sitenote_active":false,"_monsterinsights_sitenote_note":"","_monsterinsights_sitenote_category":0,"ngg_post_thumbnail":0,"footnotes":""},"class_list":["post-7","page","type-page","status-publish","hentry"],"_links":{"self":[{"href":"https:\/\/geodezjajg.pl\/index.php\/wp-json\/wp\/v2\/pages\/7"}],"collection":[{"href":"https:\/\/geodezjajg.pl\/index.php\/wp-json\/wp\/v2\/pages"}],"about":[{"href":"https:\/\/geodezjajg.pl\/index.php\/wp-json\/wp\/v2\/types\/page"}],"author":[{"embeddable":true,"href":"https:\/\/geodezjajg.pl\/index.php\/wp-json\/wp\/v2\/users\/1"}],"replies":[{"embeddable":true,"href":"https:\/\/geodezjajg.pl\/index.php\/wp-json\/wp\/v2\/comments?post=7"}],"version-history":[{"count":4,"href":"https:\/\/geodezjajg.pl\/index.php\/wp-json\/wp\/v2\/pages\/7\/revisions"}],"predecessor-version":[{"id":70,"href":"https:\/\/geodezjajg.pl\/index.php\/wp-json\/wp\/v2\/pages\/7\/revisions\/70"}],"wp:attachment":[{"href":"https:\/\/geodezjajg.pl\/index.php\/wp-json\/wp\/v2\/media?parent=7"}],"curies":[{"name":"wp","href":"https:\/\/api.w.org\/{rel}","templated":true}]}}