{"id":2,"date":"2016-04-22T10:17:09","date_gmt":"2016-04-22T10:17:09","guid":{"rendered":"http:\/\/geodezjajg.pl\/?page_id=2"},"modified":"2024-06-14T10:46:23","modified_gmt":"2024-06-14T10:46:23","slug":"sample-page","status":"publish","type":"page","link":"https:\/\/geodezjajg.pl\/index.php\/sample-page\/","title":{"rendered":"KONTAKT"},"content":{"rendered":"\n<p>Dane rejestrowe:<\/p>\n\n\n\n<p>WEKTOR BIURO GEODEZYJNE sp. z o.o.<\/p>\n\n\n\n<p>ul. Karola Miarki 46\/111 58-500 Jelenia G\u00f3ra<\/p>\n\n\n\n<p>tel.: +48 604 702 333<\/p>\n\n\n\n<p>biuro@geodezjajg.pl<\/p>\n\n\n\n<p>REGON: 363922155<\/p>\n\n\n\n<p>NIP: 6112765107<\/p>\n\n\n\n<p>KRS: 0000606453<\/p>\n\n\n\n<p><strong>mBank<\/strong> Numer rachunku IBAN PL03 1140 2004 0000 3102 8198 9057<\/p>\n\n\n\n<p>Sp\u00f3\u0142ka wpisana do rejestru przedsi\u0119biorc\u00f3w w S\u0105dzie Rejonowym dla Wroc\u0142awia-Fabrycznej we Wroc\u0142awiu<br>IX Wydzia\u0142 Gospodarczy Krajowego Rejestru S\u0105dowego<\/p>\n\n\n\n<iframe src=\"https:\/\/www.google.com\/maps\/embed?pb=!1m18!1m12!1m3!1d3263.8158497705576!2d15.70650231397673!3d50.89141290896136!2m3!1f0!2f0!3f0!3m2!1i1024!2i768!4f13.1!3m3!1m2!1s0x470edf12b69cc54f%3A0x52f9800183d54b23!2sGEODEZJA%20WEKTOR%20-%20Jelenia%20G%C3%B3ra!5e0!3m2!1spl!2spl!4v1696705385135!5m2!1spl!2spl\" width=\"600\" height=\"450\" style=\"border:0;\" allowfullscreen=\"\" loading=\"lazy\" referrerpolicy=\"no-referrer-when-downgrade\"><\/iframe>\n","protected":false},"excerpt":{"rendered":"<p>Dane rejestrowe: WEKTOR BIURO GEODEZYJNE sp. z o.o. ul. Karola Miarki 46\/111 58-500 Jelenia G\u00f3ra tel.: +48 604 702 333 biuro@geodezjajg.pl REGON: 363922155 NIP: 6112765107 KRS: 0000606453 mBank Numer rachunku IBAN PL03 1140 2004 0000 3102 8198 9057 Sp\u00f3\u0142ka wpisana do rejestru przedsi\u0119biorc\u00f3w w S\u0105dzie Rejonowym dla Wroc\u0142awia-Fabrycznej we Wroc\u0142awiuIX Wydzia\u0142 Gospodarczy Krajowego Rejestru S\u0105dowego<\/p>\n","protected":false},"author":1,"featured_media":0,"parent":0,"menu_order":0,"comment_status":"closed","ping_status":"open","template":"no-sidebar.php","meta":{"_monsterinsights_skip_tracking":false,"_monsterinsights_sitenote_active":false,"_monsterinsights_sitenote_note":"","_monsterinsights_sitenote_category":0,"ngg_post_thumbnail":0,"footnotes":""},"class_list":["post-2","page","type-page","status-publish","hentry"],"_links":{"self":[{"href":"https:\/\/geodezjajg.pl\/index.php\/wp-json\/wp\/v2\/pages\/2"}],"collection":[{"href":"https:\/\/geodezjajg.pl\/index.php\/wp-json\/wp\/v2\/pages"}],"about":[{"href":"https:\/\/geodezjajg.pl\/index.php\/wp-json\/wp\/v2\/types\/page"}],"author":[{"embeddable":true,"href":"https:\/\/geodezjajg.pl\/index.php\/wp-json\/wp\/v2\/users\/1"}],"replies":[{"embeddable":true,"href":"https:\/\/geodezjajg.pl\/index.php\/wp-json\/wp\/v2\/comments?post=2"}],"version-history":[{"count":22,"href":"https:\/\/geodezjajg.pl\/index.php\/wp-json\/wp\/v2\/pages\/2\/revisions"}],"predecessor-version":[{"id":399,"href":"https:\/\/geodezjajg.pl\/index.php\/wp-json\/wp\/v2\/pages\/2\/revisions\/399"}],"wp:attachment":[{"href":"https:\/\/geodezjajg.pl\/index.php\/wp-json\/wp\/v2\/media?parent=2"}],"curies":[{"name":"wp","href":"https:\/\/api.w.org\/{rel}","templated":true}]}}