{"id":121,"date":"2016-07-17T08:16:48","date_gmt":"2016-07-17T08:16:48","guid":{"rendered":"http:\/\/geodezjajg.pl\/?page_id=121"},"modified":"2024-06-14T10:47:40","modified_gmt":"2024-06-14T10:47:40","slug":"pomiar-i-obliczenie-objetosci-hald-skladowisk-bilanse-robot-ziemnych","status":"publish","type":"page","link":"https:\/\/geodezjajg.pl\/index.php\/pomiar-i-obliczenie-objetosci-hald-skladowisk-bilanse-robot-ziemnych\/","title":{"rendered":"Pomiar i obliczenie obj\u0119to\u015bci"},"content":{"rendered":"\n<p style=\"font-size:22px\">\u00a0Pomiar i obliczenie: <\/p>\n\n\n\n<ul class=\"has-medium-font-size wp-block-list\"><li>bilanse rob\u00f3t ziemnych<\/li><li>obliczenie obj\u0119to\u015bci wykopu\/nasypu potrzebnego do realizacji projektu<\/li><li>obliczanie obj\u0119to\u015bci ha\u0142d, sk\u0142adowisk<\/li><\/ul>\n\n\n\n<p><\/p>\n","protected":false},"excerpt":{"rendered":"<p>\u00a0Pomiar i obliczenie: bilanse rob\u00f3t ziemnych obliczenie obj\u0119to\u015bci wykopu\/nasypu potrzebnego do realizacji projektu obliczanie obj\u0119to\u015bci ha\u0142d, sk\u0142adowisk<\/p>\n","protected":false},"author":1,"featured_media":342,"parent":0,"menu_order":0,"comment_status":"closed","ping_status":"closed","template":"no-sidebar.php","meta":{"_monsterinsights_skip_tracking":false,"_monsterinsights_sitenote_active":false,"_monsterinsights_sitenote_note":"","_monsterinsights_sitenote_category":0,"ngg_post_thumbnail":0,"footnotes":""},"class_list":["post-121","page","type-page","status-publish","has-post-thumbnail","hentry"],"_links":{"self":[{"href":"https:\/\/geodezjajg.pl\/index.php\/wp-json\/wp\/v2\/pages\/121"}],"collection":[{"href":"https:\/\/geodezjajg.pl\/index.php\/wp-json\/wp\/v2\/pages"}],"about":[{"href":"https:\/\/geodezjajg.pl\/index.php\/wp-json\/wp\/v2\/types\/page"}],"author":[{"embeddable":true,"href":"https:\/\/geodezjajg.pl\/index.php\/wp-json\/wp\/v2\/users\/1"}],"replies":[{"embeddable":true,"href":"https:\/\/geodezjajg.pl\/index.php\/wp-json\/wp\/v2\/comments?post=121"}],"version-history":[{"count":11,"href":"https:\/\/geodezjajg.pl\/index.php\/wp-json\/wp\/v2\/pages\/121\/revisions"}],"predecessor-version":[{"id":379,"href":"https:\/\/geodezjajg.pl\/index.php\/wp-json\/wp\/v2\/pages\/121\/revisions\/379"}],"wp:featuredmedia":[{"embeddable":true,"href":"https:\/\/geodezjajg.pl\/index.php\/wp-json\/wp\/v2\/media\/342"}],"wp:attachment":[{"href":"https:\/\/geodezjajg.pl\/index.php\/wp-json\/wp\/v2\/media?parent=121"}],"curies":[{"name":"wp","href":"https:\/\/api.w.org\/{rel}","templated":true}]}}