{"id":117,"date":"2016-07-17T08:11:06","date_gmt":"2016-07-17T08:11:06","guid":{"rendered":"http:\/\/geodezjajg.pl\/?page_id=117"},"modified":"2024-06-14T10:47:59","modified_gmt":"2024-06-14T10:47:59","slug":"pomiary-inwentaryzacyjne","status":"publish","type":"page","link":"https:\/\/geodezjajg.pl\/index.php\/pomiary-inwentaryzacyjne\/","title":{"rendered":"Pomiary inwentaryzacyjne"},"content":{"rendered":"\n<p style=\"font-size:18px\">Geodezyjna inwentaryzacja powykonawcza obiekt\u00f3w budowlanych &#8211; wykonanie inwentaryzacji jest niezb\u0119dne aby uzyska\u0107 administracyjn\u0105 decyzj\u0105 o pozwoleniu na u\u017cytkowanie obiektu budowlanego, wykonuje si\u0119 j\u0105 po zako\u0144czonej inwestycji budowlanej. W przypadku prac zanikowych pomiar nale\u017cy wykona\u0107 przed zasypaniem wykopu. Dane z przeprowadzonego pomiaru opracowuje si\u0119, po czym wyniki opracowania geodeta przekazuje do weryfikacji w miejscowym o\u015brodku. Wynikiem geodezyjnej inwentaryzacji jest mapa geodezyjnej inwentaryzacji powykonawczej obiekt\u00f3w budowlanych.<\/p>\n\n\n\n<p style=\"font-size:18px\">Przebieg inwentaryzacji :<\/p>\n\n\n\n<p style=\"font-size:18px\">1. Przekazuj\u0105 nam Pa\u0144stwo informacje dotycz\u0105ce umiejscowienia dzia\u0142ki ( miejscowo\u015b\u0107, obr\u0119b, nr dzia\u0142ki) oraz projekt budowlany domu lub innego obiektu budowlanego.<\/p>\n\n\n\n<p style=\"font-size:18px\">2. Po uzyskaniu od Pa\u0144stwa tych informacji zg\u0142aszamy prac\u0119 geodezyjn\u0105 w odpowiednim, Powiatowym O\u015brodku Dokumentacji Geodezyjnej i Kartograficznej.<\/p>\n\n\n\n<p style=\"font-size:18px\">3. Posiadaj\u0105c niezb\u0119dne materia\u0142y udajemy si\u0119 na wskazan\u0105 dzia\u0142k\u0119 w celu wykonania pomiar\u00f3w element\u00f3w b\u0119d\u0105cych przedmiotem inwentaryzacji.<\/p>\n\n\n\n<p style=\"font-size:18px\">4. Opracowujemy wyniki pomiar\u00f3w oraz sporz\u0105dzamy niezb\u0119dn\u0105 dokumentacj\u0119 geodezyjn\u0105, aby nast\u0119pnie przekaza\u0107 je do O\u015brodka w celu weryfikacji.<\/p>\n\n\n\n<p style=\"font-size:18px\">5. Po uzyskaniu pozytywnego protoko\u0142u weryfikacji mog\u0105 Pa\u0144stwo odebra\u0107 od nas gotow\u0105 map\u0119 geodezyjnej inwentaryzacji powykonawczej obiekt\u00f3w budowlanych opatrzon\u0105 wymagan\u0105 klauzul\u0105.<\/p>\n","protected":false},"excerpt":{"rendered":"<p>Geodezyjna inwentaryzacja powykonawcza obiekt\u00f3w budowlanych &#8211; wykonanie inwentaryzacji jest niezb\u0119dne aby uzyska\u0107 administracyjn\u0105 decyzj\u0105 o pozwoleniu na u\u017cytkowanie obiektu budowlanego, wykonuje si\u0119 j\u0105 po zako\u0144czonej inwestycji budowlanej. W przypadku prac zanikowych pomiar nale\u017cy wykona\u0107 przed zasypaniem wykopu. Dane z przeprowadzonego pomiaru opracowuje si\u0119, po czym wyniki opracowania geodeta przekazuje do weryfikacji w miejscowym o\u015brodku. Wynikiem&#8230; <\/p>\n","protected":false},"author":1,"featured_media":265,"parent":0,"menu_order":0,"comment_status":"closed","ping_status":"closed","template":"no-sidebar.php","meta":{"_monsterinsights_skip_tracking":false,"_monsterinsights_sitenote_active":false,"_monsterinsights_sitenote_note":"","_monsterinsights_sitenote_category":0,"ngg_post_thumbnail":0,"footnotes":""},"class_list":["post-117","page","type-page","status-publish","has-post-thumbnail","hentry"],"_links":{"self":[{"href":"https:\/\/geodezjajg.pl\/index.php\/wp-json\/wp\/v2\/pages\/117"}],"collection":[{"href":"https:\/\/geodezjajg.pl\/index.php\/wp-json\/wp\/v2\/pages"}],"about":[{"href":"https:\/\/geodezjajg.pl\/index.php\/wp-json\/wp\/v2\/types\/page"}],"author":[{"embeddable":true,"href":"https:\/\/geodezjajg.pl\/index.php\/wp-json\/wp\/v2\/users\/1"}],"replies":[{"embeddable":true,"href":"https:\/\/geodezjajg.pl\/index.php\/wp-json\/wp\/v2\/comments?post=117"}],"version-history":[{"count":2,"href":"https:\/\/geodezjajg.pl\/index.php\/wp-json\/wp\/v2\/pages\/117\/revisions"}],"predecessor-version":[{"id":266,"href":"https:\/\/geodezjajg.pl\/index.php\/wp-json\/wp\/v2\/pages\/117\/revisions\/266"}],"wp:featuredmedia":[{"embeddable":true,"href":"https:\/\/geodezjajg.pl\/index.php\/wp-json\/wp\/v2\/media\/265"}],"wp:attachment":[{"href":"https:\/\/geodezjajg.pl\/index.php\/wp-json\/wp\/v2\/media?parent=117"}],"curies":[{"name":"wp","href":"https:\/\/api.w.org\/{rel}","templated":true}]}}