{"id":110,"date":"2016-07-17T07:50:51","date_gmt":"2016-07-17T07:50:51","guid":{"rendered":"http:\/\/geodezjajg.pl\/?page_id=110"},"modified":"2024-06-14T10:47:24","modified_gmt":"2024-06-14T10:47:24","slug":"rozgraniczenie-i-podzialy-nieruchomosci-gruntow-oraz-sporzadzanie-dokumentacji-do-celow-prawnych","status":"publish","type":"page","link":"https:\/\/geodezjajg.pl\/index.php\/rozgraniczenie-i-podzialy-nieruchomosci-gruntow-oraz-sporzadzanie-dokumentacji-do-celow-prawnych\/","title":{"rendered":"Podzia\u0142y nieruchomo\u015bci"},"content":{"rendered":"\n<p style=\"font-size:18px\">Podzia\u0142 nieruchomo\u015bci polega na wydzieleniu z niej cz\u0119\u015bci gruntu. Oznacza to rozdzielenie dzia\u0142ki poprzez ustalenie nowych granic bez zmiany dotychczasowego w\u0142a\u015bciciela. Podzia\u0142 nieruchomo\u015bci dokonywany jest na wniosek w\u0142a\u015bciciela.<\/p>\n\n\n\n<p>Przebieg podzia\u0142u nieruchomo\u015bci w trybie administracyjnym:<\/p>\n\n\n\n<p>1. Przekazuj\u0105 nam Pa\u0144stwo informacje dotycz\u0105ce umiejscowienia dzia\u0142ki ( miejscowo\u015b\u0107, obr\u0119b, nr dzia\u0142ki).<\/p>\n\n\n\n<p>2. Zg\u0142aszamy prac\u0119 geodezyjn\u0105 w odpowiednim, Miejskim lub Powiatowym O\u015brodku Dokumentacji Geodezyjnej i Kartograficznej.<\/p>\n\n\n\n<p>3. Przygotowujemy Wst\u0119pny projekt Podzia\u0142u Nieruchomo\u015bci, kt\u00f3ry po Pa\u0144stwa akceptacji sk\u0142\u0105dany jest we w\u0142a\u015bciwym urz\u0119dzie gminy w celu wydania postanowienia zatwierdzaj\u0105cego zgodno\u015b\u0107 projektu z MPZP.<\/p>\n\n\n\n<p>4. Posiadaj\u0105c niezb\u0119dne materia\u0142y opisuj\u0105ce przebieg granic, przyje\u017cdzamy na dzia\u0142k\u0119, aby odszuka\u0107 i zmierzy\u0107 istniej\u0105ce znaki graniczne.<\/p>\n\n\n\n<p>5. Wykonujemy operat techniczny wraz z map\u0105 z projektem podzia\u0142u nieruchomo\u015bci, po czym przekazujemy go do weryfikacji do Starostwa Powiatowego.<\/p>\n\n\n\n<p>6. Po zatwierdzeniu operatu technicznego, mo\u017cna z\u0142o\u017cy\u0107 map\u0119 z projektem podzia\u0142u nieruchomo\u015bci, do w\u0142a\u015bciwego urz\u0119du gminy, jako za\u0142\u0105cznik do wniosku o wydanie decyzji zatwierdzaj\u0105cej podzia\u0142 nieruchomo\u015bci.<\/p>\n","protected":false},"excerpt":{"rendered":"<p>Podzia\u0142 nieruchomo\u015bci polega na wydzieleniu z niej cz\u0119\u015bci gruntu. Oznacza to rozdzielenie dzia\u0142ki poprzez ustalenie nowych granic bez zmiany dotychczasowego w\u0142a\u015bciciela. Podzia\u0142 nieruchomo\u015bci dokonywany jest na wniosek w\u0142a\u015bciciela. Przebieg podzia\u0142u nieruchomo\u015bci w trybie administracyjnym: 1. Przekazuj\u0105 nam Pa\u0144stwo informacje dotycz\u0105ce umiejscowienia dzia\u0142ki ( miejscowo\u015b\u0107, obr\u0119b, nr dzia\u0142ki). 2. Zg\u0142aszamy prac\u0119 geodezyjn\u0105 w odpowiednim, Miejskim lub&#8230; <\/p>\n","protected":false},"author":1,"featured_media":270,"parent":0,"menu_order":0,"comment_status":"closed","ping_status":"closed","template":"no-sidebar.php","meta":{"_monsterinsights_skip_tracking":false,"_monsterinsights_sitenote_active":false,"_monsterinsights_sitenote_note":"","_monsterinsights_sitenote_category":0,"ngg_post_thumbnail":0,"footnotes":""},"class_list":["post-110","page","type-page","status-publish","has-post-thumbnail","hentry"],"_links":{"self":[{"href":"https:\/\/geodezjajg.pl\/index.php\/wp-json\/wp\/v2\/pages\/110"}],"collection":[{"href":"https:\/\/geodezjajg.pl\/index.php\/wp-json\/wp\/v2\/pages"}],"about":[{"href":"https:\/\/geodezjajg.pl\/index.php\/wp-json\/wp\/v2\/types\/page"}],"author":[{"embeddable":true,"href":"https:\/\/geodezjajg.pl\/index.php\/wp-json\/wp\/v2\/users\/1"}],"replies":[{"embeddable":true,"href":"https:\/\/geodezjajg.pl\/index.php\/wp-json\/wp\/v2\/comments?post=110"}],"version-history":[{"count":4,"href":"https:\/\/geodezjajg.pl\/index.php\/wp-json\/wp\/v2\/pages\/110\/revisions"}],"predecessor-version":[{"id":380,"href":"https:\/\/geodezjajg.pl\/index.php\/wp-json\/wp\/v2\/pages\/110\/revisions\/380"}],"wp:featuredmedia":[{"embeddable":true,"href":"https:\/\/geodezjajg.pl\/index.php\/wp-json\/wp\/v2\/media\/270"}],"wp:attachment":[{"href":"https:\/\/geodezjajg.pl\/index.php\/wp-json\/wp\/v2\/media?parent=110"}],"curies":[{"name":"wp","href":"https:\/\/api.w.org\/{rel}","templated":true}]}}